{"id":8751,"date":"2019-01-28T17:03:27","date_gmt":"2019-01-28T17:03:27","guid":{"rendered":"http:\/\/clinicaortega.pe\/webortega\/?page_id=8751"},"modified":"2022-05-24T20:35:50","modified_gmt":"2022-05-24T20:35:50","slug":"noticias","status":"publish","type":"page","link":"https:\/\/clinicaortega.pe\/webortega\/noticias","title":{"rendered":"Noticias"},"content":{"rendered":"\t\t<div data-elementor-type=\"wp-post\" data-elementor-id=\"8751\" class=\"elementor elementor-8751 elementor-bc-flex-widget\">\n\t\t\t\t\t\t\t\t\t<section class=\"elementor-section elementor-top-section elementor-element elementor-element-83599ec elementor-section-boxed elementor-section-height-default elementor-section-height-default\" data-id=\"83599ec\" data-element_type=\"section\">\n\t\t\t\t\t\t<div class=\"elementor-container elementor-column-gap-default\">\n\t\t\t\t\t<div class=\"elementor-column elementor-col-100 elementor-top-column elementor-element elementor-element-e377284\" data-id=\"e377284\" data-element_type=\"column\">\n\t\t\t<div class=\"elementor-widget-wrap elementor-element-populated\">\n\t\t\t\t\t\t\t\t<div class=\"elementor-element elementor-element-4cfc76e elementor-widget elementor-widget-heading\" data-id=\"4cfc76e\" data-element_type=\"widget\" data-widget_type=\"heading.default\">\n\t\t\t\t<div class=\"elementor-widget-container\">\n\t\t\t<style>\/*! elementor - v3.7.5 - 14-09-2022 *\/\n.elementor-heading-title{padding:0;margin:0;line-height:1}.elementor-widget-heading .elementor-heading-title[class*=elementor-size-]>a{color:inherit;font-size:inherit;line-height:inherit}.elementor-widget-heading .elementor-heading-title.elementor-size-small{font-size:15px}.elementor-widget-heading .elementor-heading-title.elementor-size-medium{font-size:19px}.elementor-widget-heading .elementor-heading-title.elementor-size-large{font-size:29px}.elementor-widget-heading .elementor-heading-title.elementor-size-xl{font-size:39px}.elementor-widget-heading .elementor-heading-title.elementor-size-xxl{font-size:59px}<\/style><h2 class=\"elementor-heading-title elementor-size-default\">LAPAROSCOPIA EN 3D PARA REDUCIR RIESGOS Y EL TIEMPO DE CIRUG\u00cdAS EN CL\u00cdNICA ORTEGA<\/h2>\t\t<\/div>\n\t\t\t\t<\/div>\n\t\t\t\t\t<\/div>\n\t\t<\/div>\n\t\t\t\t\t\t\t<\/div>\n\t\t<\/section>\n\t\t\t\t<section class=\"elementor-section elementor-top-section elementor-element elementor-element-5e84251 elementor-section-boxed elementor-section-height-default elementor-section-height-default\" data-id=\"5e84251\" data-element_type=\"section\">\n\t\t\t\t\t\t<div class=\"elementor-container elementor-column-gap-default\">\n\t\t\t\t\t<div class=\"elementor-column elementor-col-66 elementor-top-column elementor-element elementor-element-d379644\" data-id=\"d379644\" data-element_type=\"column\">\n\t\t\t<div class=\"elementor-widget-wrap elementor-element-populated\">\n\t\t\t\t\t\t\t\t<div class=\"elementor-element elementor-element-abf4caf elementor-widget-divider--view-line elementor-widget elementor-widget-divider\" data-id=\"abf4caf\" data-element_type=\"widget\" data-widget_type=\"divider.default\">\n\t\t\t\t<div class=\"elementor-widget-container\">\n\t\t\t<style>\/*! elementor - v3.7.5 - 14-09-2022 *\/\n.elementor-widget-divider{--divider-border-style:none;--divider-border-width:1px;--divider-color:#2c2c2c;--divider-icon-size:20px;--divider-element-spacing:10px;--divider-pattern-height:24px;--divider-pattern-size:20px;--divider-pattern-url:none;--divider-pattern-repeat:repeat-x}.elementor-widget-divider .elementor-divider{display:-webkit-box;display:-ms-flexbox;display:flex}.elementor-widget-divider .elementor-divider__text{font-size:15px;line-height:1;max-width:95%}.elementor-widget-divider .elementor-divider__element{margin:0 var(--divider-element-spacing);-ms-flex-negative:0;flex-shrink:0}.elementor-widget-divider .elementor-icon{font-size:var(--divider-icon-size)}.elementor-widget-divider .elementor-divider-separator{display:-webkit-box;display:-ms-flexbox;display:flex;margin:0;direction:ltr}.elementor-widget-divider--view-line_icon .elementor-divider-separator,.elementor-widget-divider--view-line_text .elementor-divider-separator{-webkit-box-align:center;-ms-flex-align:center;align-items:center}.elementor-widget-divider--view-line_icon .elementor-divider-separator:after,.elementor-widget-divider--view-line_icon .elementor-divider-separator:before,.elementor-widget-divider--view-line_text .elementor-divider-separator:after,.elementor-widget-divider--view-line_text .elementor-divider-separator:before{display:block;content:\"\";border-bottom:0;-webkit-box-flex:1;-ms-flex-positive:1;flex-grow:1;border-top:var(--divider-border-width) var(--divider-border-style) var(--divider-color)}.elementor-widget-divider--element-align-left .elementor-divider .elementor-divider-separator>.elementor-divider__svg:first-of-type{-webkit-box-flex:0;-ms-flex-positive:0;flex-grow:0;-ms-flex-negative:100;flex-shrink:100}.elementor-widget-divider--element-align-left .elementor-divider-separator:before{content:none}.elementor-widget-divider--element-align-left .elementor-divider__element{margin-left:0}.elementor-widget-divider--element-align-right .elementor-divider .elementor-divider-separator>.elementor-divider__svg:last-of-type{-webkit-box-flex:0;-ms-flex-positive:0;flex-grow:0;-ms-flex-negative:100;flex-shrink:100}.elementor-widget-divider--element-align-right .elementor-divider-separator:after{content:none}.elementor-widget-divider--element-align-right .elementor-divider__element{margin-right:0}.elementor-widget-divider:not(.elementor-widget-divider--view-line_text):not(.elementor-widget-divider--view-line_icon) .elementor-divider-separator{border-top:var(--divider-border-width) var(--divider-border-style) var(--divider-color)}.elementor-widget-divider--separator-type-pattern{--divider-border-style:none}.elementor-widget-divider--separator-type-pattern.elementor-widget-divider--view-line .elementor-divider-separator,.elementor-widget-divider--separator-type-pattern:not(.elementor-widget-divider--view-line) .elementor-divider-separator:after,.elementor-widget-divider--separator-type-pattern:not(.elementor-widget-divider--view-line) .elementor-divider-separator:before,.elementor-widget-divider--separator-type-pattern:not([class*=elementor-widget-divider--view]) .elementor-divider-separator{width:100%;min-height:var(--divider-pattern-height);-webkit-mask-size:var(--divider-pattern-size) 100%;mask-size:var(--divider-pattern-size) 100%;-webkit-mask-repeat:var(--divider-pattern-repeat);mask-repeat:var(--divider-pattern-repeat);background-color:var(--divider-color);-webkit-mask-image:var(--divider-pattern-url);mask-image:var(--divider-pattern-url)}.elementor-widget-divider--no-spacing{--divider-pattern-size:auto}.elementor-widget-divider--bg-round{--divider-pattern-repeat:round}.rtl .elementor-widget-divider .elementor-divider__text{direction:rtl}.e-container>.elementor-widget-divider{width:var(--container-widget-width,100%);--flex-grow:var(--container-widget-flex-grow,0)}<\/style>\t\t<div class=\"elementor-divider\">\n\t\t\t<span class=\"elementor-divider-separator\">\n\t\t\t\t\t\t<\/span>\n\t\t<\/div>\n\t\t\t\t<\/div>\n\t\t\t\t<\/div>\n\t\t\t\t<div class=\"elementor-element elementor-element-f28fe31 elementor-widget elementor-widget-text-editor\" data-id=\"f28fe31\" data-element_type=\"widget\" data-widget_type=\"text-editor.default\">\n\t\t\t\t<div class=\"elementor-widget-container\">\n\t\t\t<style>\/*! elementor - v3.7.5 - 14-09-2022 *\/\n.elementor-widget-text-editor.elementor-drop-cap-view-stacked .elementor-drop-cap{background-color:#818a91;color:#fff}.elementor-widget-text-editor.elementor-drop-cap-view-framed .elementor-drop-cap{color:#818a91;border:3px solid;background-color:transparent}.elementor-widget-text-editor:not(.elementor-drop-cap-view-default) .elementor-drop-cap{margin-top:8px}.elementor-widget-text-editor:not(.elementor-drop-cap-view-default) .elementor-drop-cap-letter{width:1em;height:1em}.elementor-widget-text-editor .elementor-drop-cap{float:left;text-align:center;line-height:1;font-size:50px}.elementor-widget-text-editor .elementor-drop-cap-letter{display:inline-block}<\/style>\t\t\t\t<p>Huancayo, es la primera ciudad en contar con el primer Quir\u00f3fano Inteligente con Laparoscopia en 3 Dimensiones (3D), incluso de Am\u00e9rica del Sur, este equipo se encuentra en nuestro establecimiento, adem\u00e1s, servir\u00e1 para mejorar la calidad de la imagen durante las intervenciones, aumentando la rapidez, exactitud y precisi\u00f3n de las tareas quir\u00fargicas.<\/p><p>CARACTER\u00cdSTICAS. \u201cCon la puesta en marcha de la renovaci\u00f3n tecnol\u00f3gica del quir\u00f3fano integrado, la Cl\u00ednica Ortega se convierte en el primer centro que renueva su equipo para adaptarlo a la tecnolog\u00eda 3D y, tambi\u00e9n ser el \u00fanico a nivel de Per\u00fa\u201d, manifest\u00f3 el director de la mencionada cl\u00ednica, F\u00e9lix Ortega \u00c1lvarez.<\/p><p>La presentaci\u00f3n de los equipos, es en funci\u00f3n a la inauguraci\u00f3n del centro quir\u00fargico donde hay otros dos quir\u00f3fanos m\u00e1s, que servir\u00e1n para cirug\u00edas medianas; a diferencia del quir\u00f3fano integrado, donde se desarrollar\u00e1n cirug\u00edas de alta complejidad, adem\u00e1s de laparoscopia (mirar dentro del abdomen).<\/p><p>Ortega Alvarez, explic\u00f3 que en esta sala se har\u00e1n revisiones en cuanto a ves\u00edcula, tumores (c\u00e1ncer), hernias, entre otras intervenciones, que ser\u00e1n en beneficio de la poblaci\u00f3n. \u201cLos m\u00e9dicos determinar\u00e1n las patolog\u00edas que ser\u00e1n atendidas en esta sala\u201d, expres\u00f3 el director de la Cl\u00ednica.<\/p><p>La cirug\u00eda laparosc\u00f3pica se practica con endoscopios quir\u00fargicos (video laparosc\u00f3picos) que se introducen en el cuerpo a trav\u00e9s de peque\u00f1as incisiones en el abdomen, que permiten al cirujano tener visi\u00f3n de la cavidad abdominal. Al ser una t\u00e9cnica menos agresiva que la convencional, la laparoscopia se ha extendido como alternativa a la cirug\u00eda abierta, seg\u00fan dijo Ortega Alvarez.<\/p><p>Tambi\u00e9n facilita la grabaci\u00f3n y almacenamiento de las im\u00e1genes de la intervenci\u00f3n y su consulta desde cualquier pantalla del quir\u00f3fano. De esta manera, los facultativos mejoran la gesti\u00f3n de la informaci\u00f3n del paciente y de la intervenci\u00f3n.<\/p>\t\t\t\t\t\t<\/div>\n\t\t\t\t<\/div>\n\t\t\t\t\t<\/div>\n\t\t<\/div>\n\t\t\t\t<div class=\"elementor-column elementor-col-33 elementor-top-column elementor-element elementor-element-00b6793\" data-id=\"00b6793\" data-element_type=\"column\">\n\t\t\t<div class=\"elementor-widget-wrap\">\n\t\t\t\t\t\t\t\t\t<\/div>\n\t\t<\/div>\n\t\t\t\t\t\t\t<\/div>\n\t\t<\/section>\n\t\t\t\t\t\t\t<\/div>\n\t\t","protected":false},"excerpt":{"rendered":"<p>LAPAROSCOPIA EN 3D PARA REDUCIR RIESGOS Y EL TIEMPO DE CIRUG\u00cdAS EN CL\u00cdNICA ORTEGA Huancayo, es la primera ciudad en contar con el primer Quir\u00f3fano Inteligente con Laparoscopia en 3 Dimensiones (3D), incluso de Am\u00e9rica del Sur, este equipo se encuentra en nuestro establecimiento, adem\u00e1s, servir\u00e1 para mejorar la calidad de la imagen durante las &hellip;<\/p>\n","protected":false},"author":4,"featured_media":0,"parent":0,"menu_order":30,"comment_status":"closed","ping_status":"closed","template":"","meta":{"_links_to":"","_links_to_target":""},"_links":{"self":[{"href":"https:\/\/clinicaortega.pe\/webortega\/wp-json\/wp\/v2\/pages\/8751"}],"collection":[{"href":"https:\/\/clinicaortega.pe\/webortega\/wp-json\/wp\/v2\/pages"}],"about":[{"href":"https:\/\/clinicaortega.pe\/webortega\/wp-json\/wp\/v2\/types\/page"}],"author":[{"embeddable":true,"href":"https:\/\/clinicaortega.pe\/webortega\/wp-json\/wp\/v2\/users\/4"}],"replies":[{"embeddable":true,"href":"https:\/\/clinicaortega.pe\/webortega\/wp-json\/wp\/v2\/comments?post=8751"}],"version-history":[{"count":3,"href":"https:\/\/clinicaortega.pe\/webortega\/wp-json\/wp\/v2\/pages\/8751\/revisions"}],"predecessor-version":[{"id":139612,"href":"https:\/\/clinicaortega.pe\/webortega\/wp-json\/wp\/v2\/pages\/8751\/revisions\/139612"}],"wp:attachment":[{"href":"https:\/\/clinicaortega.pe\/webortega\/wp-json\/wp\/v2\/media?parent=8751"}],"curies":[{"name":"wp","href":"https:\/\/api.w.org\/{rel}","templated":true}]}}