{"id":6236,"date":"2017-10-23T08:03:16","date_gmt":"2017-10-23T08:03:16","guid":{"rendered":"http:\/\/ld-wp.template-help.com\/wordpress_bemedical\/v4\/beclinic\/?page_id=6236"},"modified":"2022-05-26T05:29:06","modified_gmt":"2022-05-26T05:29:06","slug":"politicas-de-privacidad","status":"publish","type":"page","link":"https:\/\/clinicaortega.pe\/webortega\/politicas-de-privacidad","title":{"rendered":"Pol\u00edtica de Privacidad"},"content":{"rendered":"\t\t<div data-elementor-type=\"wp-page\" data-elementor-id=\"6236\" class=\"elementor elementor-6236\">\n\t\t\t\t\t\t\t\t\t<section class=\"elementor-section elementor-top-section elementor-element elementor-element-b1f981f elementor-section-boxed elementor-section-height-default elementor-section-height-default\" data-id=\"b1f981f\" data-element_type=\"section\">\n\t\t\t\t\t\t<div class=\"elementor-container elementor-column-gap-default\">\n\t\t\t\t\t<div class=\"elementor-column elementor-col-100 elementor-top-column elementor-element elementor-element-4ad88a7\" data-id=\"4ad88a7\" data-element_type=\"column\">\n\t\t\t<div class=\"elementor-widget-wrap elementor-element-populated\">\n\t\t\t\t\t\t\t\t<div class=\"elementor-element elementor-element-09d9511 elementor-widget elementor-widget-spacer\" data-id=\"09d9511\" data-element_type=\"widget\" data-widget_type=\"spacer.default\">\n\t\t\t\t<div class=\"elementor-widget-container\">\n\t\t\t<style>\/*! elementor - v3.7.5 - 14-09-2022 *\/\n.elementor-column .elementor-spacer-inner{height:var(--spacer-size)}.e-container{--container-widget-width:100%}.e-container>.elementor-widget-spacer{width:var(--container-widget-width,var(--spacer-size));-ms-flex-item-align:stretch;align-self:stretch;-ms-flex-negative:0;flex-shrink:0}.e-container>.elementor-widget-spacer>.elementor-widget-container,.e-container>.elementor-widget-spacer>.elementor-widget-container>.elementor-spacer{height:100%}.e-container>.elementor-widget-spacer>.elementor-widget-container>.elementor-spacer>.elementor-spacer-inner{height:var(--container-widget-height,var(--spacer-size))}<\/style>\t\t<div class=\"elementor-spacer\">\n\t\t\t<div class=\"elementor-spacer-inner\"><\/div>\n\t\t<\/div>\n\t\t\t\t<\/div>\n\t\t\t\t<\/div>\n\t\t\t\t<div class=\"elementor-element elementor-element-6c4ecac4 elementor-widget elementor-widget-text-editor\" data-id=\"6c4ecac4\" data-element_type=\"widget\" data-widget_type=\"text-editor.default\">\n\t\t\t\t<div class=\"elementor-widget-container\">\n\t\t\t<style>\/*! elementor - v3.7.5 - 14-09-2022 *\/\n.elementor-widget-text-editor.elementor-drop-cap-view-stacked .elementor-drop-cap{background-color:#818a91;color:#fff}.elementor-widget-text-editor.elementor-drop-cap-view-framed .elementor-drop-cap{color:#818a91;border:3px solid;background-color:transparent}.elementor-widget-text-editor:not(.elementor-drop-cap-view-default) .elementor-drop-cap{margin-top:8px}.elementor-widget-text-editor:not(.elementor-drop-cap-view-default) .elementor-drop-cap-letter{width:1em;height:1em}.elementor-widget-text-editor .elementor-drop-cap{float:left;text-align:center;line-height:1;font-size:50px}.elementor-widget-text-editor .elementor-drop-cap-letter{display:inline-block}<\/style>\t\t\t\t<h3>Objetivo<\/h3>\n<p>La presente \u201cPol\u00edtica de Privacidad\u201d de datos personales, tiene como fin informar a los usuarios c\u00f3mo Cl\u00ednica Ortega S.R.L (Cl\u00ednica Ortega) realiza el tratamiento de datos personales que recopila por medio de su p\u00e1gina web, mediante formularios electr\u00f3nicos, llamadas, escritos, entre otros. Los usuarios, son todos aquellos quienes contactan a la cl\u00ednica por medios sociales, f\u00edsicos o telef\u00f3nicos.<\/p>\n<p>En la Cl\u00ednica Ortega priorizamos la seguridad de su informaci\u00f3n y protecci\u00f3n de datos personales. A continuaci\u00f3n, se enlista la pol\u00edtica de privacidad para que pueda leer e informarse antes de brindarnos cualquier dato requerido.<\/p>\n<h3>Definici\u00f3n de Datos Personales<\/h3>\n<p>La Ley y el Reglamento definen Datos Personales como aquella informaci\u00f3n num\u00e9rica, alfab\u00e9tica, gr\u00e1fica, fotogr\u00e1fica y ac\u00fastica, sobre h\u00e1bitos personales o de cualquier otra \u00edndole, concerniente a personas naturales que las identifica o las hace identificables a trav\u00e9s de medios que puedan ser razonablemente utilizados para fines puntuales.<\/p>\n<h3>Alcance y plazo de conservaci\u00f3n<\/h3>\n<p>Los datos recopilados por la Cl\u00ednica Ortega se conservar\u00e1n mientras el titular del mismo no solicite su cancelaci\u00f3n o anulaci\u00f3n en cumplimiento con la Ley y normativa aplicable al sector salud.<\/p>\n<h3>Marco normativo y legal<\/h3>\n<p>Nuestra pol\u00edtica de privacidad se encuentra regulada por las leyes peruanas, particularmente:<\/p>\n<ul>\n<li>Ley N\u00ba. 29733<\/li>\n<li>Decreto Supremo No. 003-2013-JUS, que aprueba el Reglamento de la Ley No. 29733<\/li>\n<li>Directiva de Seguridad de la Informaci\u00f3n, aprobada por la Resoluci\u00f3n Directoral No. 019-2013-JUS\/DGPDP.<\/li>\n<\/ul>\n<p>Desarrollamos la presente Pol\u00edtica de Privacidad para el tratamiento de Datos Personales en atenci\u00f3n a los principios rectores establecidos en la Ley y el Reglamento, por lo tanto:<\/p>\n<ol>\n<li>De acuerdo con el principio de legalidad, rechazamos la recopilaci\u00f3n de Datos Personales de nuestros usuarios por medios fraudulentos, desleales o il\u00edcitos.<\/li>\n<li>Conforme al principio de consentimiento, el tratamiento de los Datos Personales de nuestros Usuarios estar\u00e1 regido por su consentimiento.<\/li>\n<li>Los Datos Personales de nuestros Usuarios se recopilan para una finalidad determinada, expl\u00edcita y l\u00edcita. Siendo utilizados para el fin para el cual fueron recopilados. Se conservar\u00e1n de forma tal que se garantice su seguridad y solo por el tiempo necesario para cumplir con la finalidad del tratamiento.<\/li>\n<li>La Cl\u00ednica Ortega y los encargados del tratamiento de datos, adoptar\u00e1n las medidas t\u00e9cnicas, organizativas y legales necesarias para garantizar la seguridad y confidencialidad de los Datos Personales. Contamos con las medidas de seguridad apropiadas, acorde con el tratamiento que se vaya a efectuar y con la relevancia de Datos Personales que se trate.<\/li>\n<li>Garantizamos el nivel adecuado de protecci\u00f3n de los Datos Personales de nuestros usuarios para el flujo transfronterizo, con la protecci\u00f3n semejante a lo previsto por la Ley y el Reglamento.<\/li>\n<\/ol>\n<h3>Titularidad del banco de datos<\/h3>\n<p>La titularidad del banco de datos es la Cl\u00ednica Ortega con RUC N\u00ba 20130297685 y domicilio en Avenida Daniel Alcides Carri\u00f3n N\u00ba 1124 en la ciudad de Huancayo. Somos responsables del tratamiento y seguridad de los datos personales que proporcionen los usuarios comprendidos en \u201cPACIENTES\u201d con c\u00f3digo RNPDP-PJP N\u00ba 15637, o en un banco de datos denominado \u201cCLIENTES\u201d con c\u00f3digo RNPDP-PJP N\u00ba 15640, o en un banco de datos denominado \u201cAREA DE CONTABILIDAD \u2013 DATOS PERSONALES DE LOS EMPLEADOS\u201d con c\u00f3digo RNPDP-PJP N\u00ba 499, o en un banco de datos denominado \u201cSERVICIO DE FARMACIA \u2013 DATOS DE LOS PROVEEDORES\u201d con c\u00f3digo RNPDP-PJP N\u00ba 500, o en un banco de datos denominado \u201cAREA DE ADMISI\u00d3N AL CLIENTE \u2013 DATOS PERSONALES DE LOS CLIENTES\u201d con c\u00f3digo RNPDP-PJP N\u00ba 501, o en un banco de datos denominado \u201cQUEJAS Y RECLAMOS\u201d con c\u00f3digo RNPDP-PJP N\u00ba 15638.<\/p>\n<h3>\u00bfPara qu\u00e9 utilizamos la informaci\u00f3n de los Usuarios?<\/h3>\n<p>Los Datos Personales del Usuario se utilizan para los siguientes fines:<\/p>\n<ol>\n<li>Ejecutar la relaci\u00f3n contractual que el Usuario mantiene con la Cl\u00ednica Ortega, brindar soporte, validar la veracidad de la informaci\u00f3n proporcionada, elaborar informes estad\u00edsticos, contactarlo para enviarle beneficios, absolver sus dudas e inquietudes, permitirle tener acceso a sus resultados m\u00e9dicos, enviarle correos electr\u00f3nicos acerca de nuestro sitio web o servicios en su calidad de paciente con la finalidad de brindarle un mejor servicio.<\/li>\n<li>Cl\u00ednica Ortega podr\u00e1 dar tratamiento a sus daros personales de manera directa o a trav\u00e9s de proveedores de servicio que ser\u00e1n considerados como encargados para tratamiento de sus datos personales, quienes brindan servicios detallados a continuaci\u00f3n:<\/li>\n<\/ol>\n<ul>\n<li>SERVICIOS<\/li>\n<li>SERVICIOS DE AUDITORIA Y CONSULTORIA.<\/li>\n<li>SERVICIOS DE SEGURIDAD F\u00cdSICA<\/li>\n<li>SERVICIOS DE ARCHIVO, CUSTODIA, ALMACENAMIENTO Y DIGITALIZACI\u00d3N.<\/li>\n<li>SERVICIOS ADMINISTRATIVOS.<\/li>\n<li>SERVICIOS DE MARKETING Y PUBLICIDAD.<\/li>\n<\/ul>\n<p>Del mismo modo la empresa podr\u00e1 transferir sus Datos Personales a nuestros socios comerciales o empresas vinculadas, para los fines propios de la relaci\u00f3n contractual, en caso de corresponder; y, adem\u00e1s, para finalidades adicionales en caso autorice el usuario. Se tratar\u00e1 los datos personales a los que se pueda acceder de forma f\u00edsica, oral o electr\u00f3nica, a trav\u00e9s de fuentes accesibles al p\u00fablico o de terceros y\/o identidades de consulta de bases de datos domiciliadas en el territorio Peruano o en el exterior, sea personas naturales, jur\u00eddicas, privadas o p\u00fablicas.<\/p>\n<h3>Cookies<\/h3>\n<p>El sitio web de la Cl\u00ednica Ortega utiliza cookies necesarias y esenciales para que al utilizar nuestro sitio web le permita al usuario moverse libremente, utilizar \u00e1reas seguras u opciones personalizadas. Las Cookies son archivos con una peque\u00f1a cantidad de datos que se almacenan en el disco duro de su computadora, tablet o dispositivo m\u00f3vil con el fin de permitirnos una carga m\u00e1s optimizada y f\u00e1cil al momento de ingresar a nuestro sitio web. Adem\u00e1s, recopilamos informaci\u00f3n con la finalidad de informaci\u00f3n estad\u00edstica que nos permite entender c\u00f3mo los Usuarios utilizan nuestro sitio web y nos ayudan a mejorar su estructura y contenidos.<\/p>\n<p>Puede indicar a su navegador que rechace todas las cookies o que indique cu\u00e1ndo se est\u00e1 enviando una. Sin embargo, si no acepta las cookies, es posible que no pueda utilizar algunas partes de nuestro sitio.<\/p>\n<h3>Modificaciones de la Pol\u00edtica de Privacidad<\/h3>\n<p>El acceso y la utilizaci\u00f3n de nuestro sitio web implican la aceptaci\u00f3n de esta pol\u00edtica de privacidad, as\u00ed como de cualquier otra ley o normativa que se aplique al sitio. La Cl\u00ednica Ortega se reserva el derecho de modificar el contenido y alcance de los presentes t\u00e9rminos y condiciones en cualquier momento y seg\u00fan lo considere necesario, con efectos desde el momento en que son introducidas a este sitio web. De no estar de acuerdo o no aceptarlos, deber\u00e1 abstenerse de navegar por el presente sitio web y\/o manipular cualquier tipo de informaci\u00f3n contenida en \u00e9l, bajo responsabilidad propia, caso contrario se compromete a respetar nuestra pol\u00edtica de privacidad<\/p>\n<p>\u00a0<\/p>\n\n<!-- wp:paragraph -->\n<p><\/p>\n<!-- \/wp:paragraph -->\t\t\t\t\t\t<\/div>\n\t\t\t\t<\/div>\n\t\t\t\t\t<\/div>\n\t\t<\/div>\n\t\t\t\t\t\t\t<\/div>\n\t\t<\/section>\n\t\t\t\t\t\t\t<\/div>\n\t\t","protected":false},"excerpt":{"rendered":"<p>Objetivo La presente \u201cPol\u00edtica de Privacidad\u201d de datos personales, tiene como fin informar a los usuarios c\u00f3mo Cl\u00ednica Ortega S.R.L (Cl\u00ednica Ortega) realiza el tratamiento de datos personales que recopila por medio de su p\u00e1gina web, mediante formularios electr\u00f3nicos, llamadas, escritos, entre otros. Los usuarios, son todos aquellos quienes contactan a la cl\u00ednica por medios &hellip;<\/p>\n","protected":false},"author":4,"featured_media":0,"parent":0,"menu_order":42,"comment_status":"closed","ping_status":"closed","template":"","meta":{"_links_to":"","_links_to_target":""},"_links":{"self":[{"href":"https:\/\/clinicaortega.pe\/webortega\/wp-json\/wp\/v2\/pages\/6236"}],"collection":[{"href":"https:\/\/clinicaortega.pe\/webortega\/wp-json\/wp\/v2\/pages"}],"about":[{"href":"https:\/\/clinicaortega.pe\/webortega\/wp-json\/wp\/v2\/types\/page"}],"author":[{"embeddable":true,"href":"https:\/\/clinicaortega.pe\/webortega\/wp-json\/wp\/v2\/users\/4"}],"replies":[{"embeddable":true,"href":"https:\/\/clinicaortega.pe\/webortega\/wp-json\/wp\/v2\/comments?post=6236"}],"version-history":[{"count":8,"href":"https:\/\/clinicaortega.pe\/webortega\/wp-json\/wp\/v2\/pages\/6236\/revisions"}],"predecessor-version":[{"id":139640,"href":"https:\/\/clinicaortega.pe\/webortega\/wp-json\/wp\/v2\/pages\/6236\/revisions\/139640"}],"wp:attachment":[{"href":"https:\/\/clinicaortega.pe\/webortega\/wp-json\/wp\/v2\/media?parent=6236"}],"curies":[{"name":"wp","href":"https:\/\/api.w.org\/{rel}","templated":true}]}}